{"id":3663,"date":"2025-01-28T00:18:29","date_gmt":"2025-01-27T21:18:29","guid":{"rendered":"https:\/\/goldfrostenerji.com\/products\/"},"modified":"2026-03-22T19:28:27","modified_gmt":"2026-03-22T16:28:27","slug":"products","status":"publish","type":"page","link":"https:\/\/goldfrostenerji.com\/en\/products\/","title":{"rendered":"Products"},"content":{"rendered":"","protected":false},"excerpt":{"rendered":"","protected":false},"author":1,"featured_media":0,"parent":0,"menu_order":0,"comment_status":"closed","ping_status":"closed","template":"","meta":{"_uag_custom_page_level_css":"","site-sidebar-layout":"default","site-content-layout":"","ast-site-content-layout":"","site-content-style":"default","site-sidebar-style":"default","ast-global-header-display":"","ast-banner-title-visibility":"","ast-main-header-display":"","ast-hfb-above-header-display":"","ast-hfb-below-header-display":"","ast-hfb-mobile-header-display":"","site-post-title":"","ast-breadcrumbs-content":"","ast-featured-img":"","footer-sml-layout":"","theme-transparent-header-meta":"","adv-header-id-meta":"","stick-header-meta":"","header-above-stick-meta":"","header-main-stick-meta":"","header-below-stick-meta":"","astra-migrate-meta-layouts":"default","ast-page-background-enabled":"default","ast-page-background-meta":{"desktop":{"background-color":"","background-image":"","background-repeat":"repeat","background-position":"center center","background-size":"auto","background-attachment":"scroll","background-type":"","background-media":"","overlay-type":"","overlay-color":"","overlay-opacity":"","overlay-gradient":""},"tablet":{"background-color":"","background-image":"","background-repeat":"repeat","background-position":"center center","background-size":"auto","background-attachment":"scroll","background-type":"","background-media":"","overlay-type":"","overlay-color":"","overlay-opacity":"","overlay-gradient":""},"mobile":{"background-color":"","background-image":"","background-repeat":"repeat","background-position":"center center","background-size":"auto","background-attachment":"scroll","background-type":"","background-media":"","overlay-type":"","overlay-color":"","overlay-opacity":"","overlay-gradient":""}},"ast-content-background-meta":{"desktop":{"background-color":"var(--ast-global-color-5)","background-image":"","background-repeat":"repeat","background-position":"center center","background-size":"auto","background-attachment":"scroll","background-type":"","background-media":"","overlay-type":"","overlay-color":"","overlay-opacity":"","overlay-gradient":""},"tablet":{"background-color":"var(--ast-global-color-5)","background-image":"","background-repeat":"repeat","background-position":"center center","background-size":"auto","background-attachment":"scroll","background-type":"","background-media":"","overlay-type":"","overlay-color":"","overlay-opacity":"","overlay-gradient":""},"mobile":{"background-color":"var(--ast-global-color-5)","background-image":"","background-repeat":"repeat","background-position":"center center","background-size":"auto","background-attachment":"scroll","background-type":"","background-media":"","overlay-type":"","overlay-color":"","overlay-opacity":"","overlay-gradient":""}},"footnotes":""},"class_list":["post-3663","page","type-page","status-publish","hentry"],"yoast_head":"<!-- This site is optimized with the Yoast SEO plugin v27.2 - https:\/\/yoast.com\/product\/yoast-seo-wordpress\/ -->\n<title>Products - End\u00fcstriyel So\u011futma Sistemleri | Gold Frost Enerji<\/title>\n<meta name=\"robots\" content=\"index, follow, max-snippet:-1, max-image-preview:large, max-video-preview:-1\" \/>\n<link rel=\"canonical\" href=\"https:\/\/goldfrostenerji.com\/en\/products\/\" \/>\n<meta property=\"og:locale\" content=\"en_US\" \/>\n<meta property=\"og:type\" content=\"article\" \/>\n<meta property=\"og:title\" content=\"Products - End\u00fcstriyel So\u011futma Sistemleri | Gold Frost Enerji\" \/>\n<meta property=\"og:url\" content=\"https:\/\/goldfrostenerji.com\/en\/products\/\" \/>\n<meta property=\"og:site_name\" content=\"End\u00fcstriyel So\u011futma Sistemleri | Gold Frost Enerji\" \/>\n<meta property=\"article:modified_time\" content=\"2026-03-22T16:28:27+00:00\" \/>\n<meta name=\"twitter:card\" content=\"summary_large_image\" \/>\n<script type=\"application\/ld+json\" class=\"yoast-schema-graph\">{\"@context\":\"https:\/\/schema.org\",\"@graph\":[{\"@type\":\"WebPage\",\"@id\":\"https:\/\/goldfrostenerji.com\/en\/products\/\",\"url\":\"https:\/\/goldfrostenerji.com\/en\/products\/\",\"name\":\"Products - End\u00fcstriyel So\u011futma Sistemleri | Gold Frost Enerji\",\"isPartOf\":{\"@id\":\"https:\/\/goldfrostenerji.com\/#website\"},\"datePublished\":\"2025-01-27T21:18:29+00:00\",\"dateModified\":\"2026-03-22T16:28:27+00:00\",\"breadcrumb\":{\"@id\":\"https:\/\/goldfrostenerji.com\/en\/products\/#breadcrumb\"},\"inLanguage\":\"en-US\",\"potentialAction\":[{\"@type\":\"ReadAction\",\"target\":[\"https:\/\/goldfrostenerji.com\/en\/products\/\"]}]},{\"@type\":\"BreadcrumbList\",\"@id\":\"https:\/\/goldfrostenerji.com\/en\/products\/#breadcrumb\",\"itemListElement\":[{\"@type\":\"ListItem\",\"position\":1,\"name\":\"Anasayfa\",\"item\":\"https:\/\/goldfrostenerji.com\/en\/\"},{\"@type\":\"ListItem\",\"position\":2,\"name\":\"Products\"}]},{\"@type\":\"WebSite\",\"@id\":\"https:\/\/goldfrostenerji.com\/#website\",\"url\":\"https:\/\/goldfrostenerji.com\/\",\"name\":\"End\u00fcstriyel So\u011futma ve \u0130klimlendirme Sistemleri | Gold Frost Enerji\",\"description\":\"End\u00fcstriyel So\u011futma ve \u0130klimlendirme Sistemleri\",\"publisher\":{\"@id\":\"https:\/\/goldfrostenerji.com\/#organization\"},\"potentialAction\":[{\"@type\":\"SearchAction\",\"target\":{\"@type\":\"EntryPoint\",\"urlTemplate\":\"https:\/\/goldfrostenerji.com\/?s={search_term_string}\"},\"query-input\":{\"@type\":\"PropertyValueSpecification\",\"valueRequired\":true,\"valueName\":\"search_term_string\"}}],\"inLanguage\":\"en-US\"},{\"@type\":\"Organization\",\"@id\":\"https:\/\/goldfrostenerji.com\/#organization\",\"name\":\"Gold Frost Enerji\",\"url\":\"https:\/\/goldfrostenerji.com\/\",\"logo\":{\"@type\":\"ImageObject\",\"inLanguage\":\"en-US\",\"@id\":\"https:\/\/goldfrostenerji.com\/#\/schema\/logo\/image\/\",\"url\":\"https:\/\/goldfrostenerji.com\/wp-content\/uploads\/2024\/12\/gold-frost-logo.png\",\"contentUrl\":\"https:\/\/goldfrostenerji.com\/wp-content\/uploads\/2024\/12\/gold-frost-logo.png\",\"width\":315,\"height\":151,\"caption\":\"Gold Frost Enerji\"},\"image\":{\"@id\":\"https:\/\/goldfrostenerji.com\/#\/schema\/logo\/image\/\"},\"sameAs\":[\"https:\/\/www.instagram.com\/goldfrost_enerji\/\"]}]}<\/script>\n<!-- \/ Yoast SEO plugin. -->","yoast_head_json":{"title":"Products - End\u00fcstriyel So\u011futma Sistemleri | Gold Frost Enerji","robots":{"index":"index","follow":"follow","max-snippet":"max-snippet:-1","max-image-preview":"max-image-preview:large","max-video-preview":"max-video-preview:-1"},"canonical":"https:\/\/goldfrostenerji.com\/en\/products\/","og_locale":"en_US","og_type":"article","og_title":"Products - End\u00fcstriyel So\u011futma Sistemleri | Gold Frost Enerji","og_url":"https:\/\/goldfrostenerji.com\/en\/products\/","og_site_name":"End\u00fcstriyel So\u011futma Sistemleri | Gold Frost Enerji","article_modified_time":"2026-03-22T16:28:27+00:00","twitter_card":"summary_large_image","schema":{"@context":"https:\/\/schema.org","@graph":[{"@type":"WebPage","@id":"https:\/\/goldfrostenerji.com\/en\/products\/","url":"https:\/\/goldfrostenerji.com\/en\/products\/","name":"Products - End\u00fcstriyel So\u011futma Sistemleri | Gold Frost Enerji","isPartOf":{"@id":"https:\/\/goldfrostenerji.com\/#website"},"datePublished":"2025-01-27T21:18:29+00:00","dateModified":"2026-03-22T16:28:27+00:00","breadcrumb":{"@id":"https:\/\/goldfrostenerji.com\/en\/products\/#breadcrumb"},"inLanguage":"en-US","potentialAction":[{"@type":"ReadAction","target":["https:\/\/goldfrostenerji.com\/en\/products\/"]}]},{"@type":"BreadcrumbList","@id":"https:\/\/goldfrostenerji.com\/en\/products\/#breadcrumb","itemListElement":[{"@type":"ListItem","position":1,"name":"Anasayfa","item":"https:\/\/goldfrostenerji.com\/en\/"},{"@type":"ListItem","position":2,"name":"Products"}]},{"@type":"WebSite","@id":"https:\/\/goldfrostenerji.com\/#website","url":"https:\/\/goldfrostenerji.com\/","name":"End\u00fcstriyel So\u011futma ve \u0130klimlendirme Sistemleri | Gold Frost Enerji","description":"End\u00fcstriyel So\u011futma ve \u0130klimlendirme Sistemleri","publisher":{"@id":"https:\/\/goldfrostenerji.com\/#organization"},"potentialAction":[{"@type":"SearchAction","target":{"@type":"EntryPoint","urlTemplate":"https:\/\/goldfrostenerji.com\/?s={search_term_string}"},"query-input":{"@type":"PropertyValueSpecification","valueRequired":true,"valueName":"search_term_string"}}],"inLanguage":"en-US"},{"@type":"Organization","@id":"https:\/\/goldfrostenerji.com\/#organization","name":"Gold Frost Enerji","url":"https:\/\/goldfrostenerji.com\/","logo":{"@type":"ImageObject","inLanguage":"en-US","@id":"https:\/\/goldfrostenerji.com\/#\/schema\/logo\/image\/","url":"https:\/\/goldfrostenerji.com\/wp-content\/uploads\/2024\/12\/gold-frost-logo.png","contentUrl":"https:\/\/goldfrostenerji.com\/wp-content\/uploads\/2024\/12\/gold-frost-logo.png","width":315,"height":151,"caption":"Gold Frost Enerji"},"image":{"@id":"https:\/\/goldfrostenerji.com\/#\/schema\/logo\/image\/"},"sameAs":["https:\/\/www.instagram.com\/goldfrost_enerji\/"]}]}},"uagb_featured_image_src":{"full":false,"thumbnail":false,"medium":false,"medium_large":false,"large":false,"1536x1536":false,"2048x2048":false,"woocommerce_thumbnail":false,"woocommerce_single":false,"woocommerce_gallery_thumbnail":false},"uagb_author_info":{"display_name":"goldfrostenerji@gmail.com","author_link":"https:\/\/goldfrostenerji.com\/en\/author\/goldfrostenerjigmail-com\/"},"uagb_comment_info":0,"uagb_excerpt":null,"_links":{"self":[{"href":"https:\/\/goldfrostenerji.com\/en\/wp-json\/wp\/v2\/pages\/3663","targetHints":{"allow":["GET"]}}],"collection":[{"href":"https:\/\/goldfrostenerji.com\/en\/wp-json\/wp\/v2\/pages"}],"about":[{"href":"https:\/\/goldfrostenerji.com\/en\/wp-json\/wp\/v2\/types\/page"}],"author":[{"embeddable":true,"href":"https:\/\/goldfrostenerji.com\/en\/wp-json\/wp\/v2\/users\/1"}],"replies":[{"embeddable":true,"href":"https:\/\/goldfrostenerji.com\/en\/wp-json\/wp\/v2\/comments?post=3663"}],"version-history":[{"count":2,"href":"https:\/\/goldfrostenerji.com\/en\/wp-json\/wp\/v2\/pages\/3663\/revisions"}],"predecessor-version":[{"id":3667,"href":"https:\/\/goldfrostenerji.com\/en\/wp-json\/wp\/v2\/pages\/3663\/revisions\/3667"}],"wp:attachment":[{"href":"https:\/\/goldfrostenerji.com\/en\/wp-json\/wp\/v2\/media?parent=3663"}],"curies":[{"name":"wp","href":"https:\/\/api.w.org\/{rel}","templated":true}]}}