{"id":2351,"date":"2024-12-06T19:13:02","date_gmt":"2024-12-06T16:13:02","guid":{"rendered":"https:\/\/goldfrostenerji.com\/hizmetlerimiz\/"},"modified":"2025-01-28T13:10:45","modified_gmt":"2025-01-28T10:10:45","slug":"our-services","status":"publish","type":"page","link":"https:\/\/goldfrostenerji.com\/en\/our-services\/","title":{"rendered":"Our Services"},"content":{"rendered":"\n<div class=\"wp-block-uagb-container uagb-block-eab86f3c alignfull uagb-is-root-container\"><div class=\"uagb-container-inner-blocks-wrap\">\n<div class=\"wp-block-uagb-advanced-heading uagb-block-2f0941e2\"><h1 class=\"uagb-heading-text\">Our Services<\/h1><\/div>\n\n\n\n<div class=\"wp-block-uagb-separator uagb-block-e3688128\"><div class=\"wp-block-uagb-separator__inner\" style=\"--my-background-image:\"><\/div><\/div>\n<\/div><\/div>\n\n\n\n<div class=\"wp-block-uagb-container uagb-block-bf71c7ad alignfull uagb-is-root-container\"><div class=\"uagb-container-inner-blocks-wrap\">\n<div class=\"wp-block-uagb-container uagb-block-298ccaf0 alignfull uagb-is-root-container\"><div class=\"uagb-container-inner-blocks-wrap\">\n<div class=\"wp-block-uagb-container uagb-block-7aecfe14\">\n<div class=\"wp-block-uagb-info-box uagb-block-97dac78f uagb-infobox__content-wrap  uagb-infobox-icon-above-title uagb-infobox-image-valign-top\"><div class=\"uagb-ifb-content\"><div class=\"uagb-ifb-icon-wrap\"><svg xmlns=\"https:\/\/www.w3.org\/2000\/svg\" viewBox=\"0 0 512 512\"><path d=\"M475.6 384.1C469.7 394.3 458.9 400 447.9 400c-5.488 0-11.04-1.406-16.13-4.375l-25.09-14.64l5.379 20.29c3.393 12.81-4.256 25.97-17.08 29.34c-2.064 .5625-4.129 .8125-6.164 .8125c-10.63 0-20.36-7.094-23.21-17.84l-17.74-66.92L288 311.7l.0002 70.5l48.38 48.88c9.338 9.438 9.244 24.62-.1875 33.94C331.5 469.7 325.4 472 319.3 472c-6.193 0-12.39-2.375-17.08-7.125l-14.22-14.37L288 480c0 17.69-14.34 32-32.03 32s-32.03-14.31-32.03-32l-.0002-29.5l-14.22 14.37c-9.322 9.438-24.53 9.5-33.97 .1875c-9.432-9.312-9.525-24.5-.1875-33.94l48.38-48.88L223.1 311.7l-59.87 34.93l-17.74 66.92c-2.848 10.75-12.58 17.84-23.21 17.84c-2.035 0-4.1-.25-6.164-.8125c-12.82-3.375-20.47-16.53-17.08-29.34l5.379-20.29l-25.09 14.64C75.11 398.6 69.56 400 64.07 400c-11.01 0-21.74-5.688-27.69-15.88c-8.932-15.25-3.785-34.84 11.5-43.75l25.96-15.15l-20.33-5.508C40.7 316.3 33.15 303.1 36.62 290.3S53.23 270 66.09 273.4L132 291.3L192.5 256L132 220.7L66.09 238.6c-2.111 .5625-4.225 .8438-6.305 .8438c-10.57 0-20.27-7.031-23.16-17.72C33.15 208.9 40.7 195.8 53.51 192.3l20.33-5.508L47.88 171.6c-15.28-8.906-20.43-28.5-11.5-43.75c8.885-15.28 28.5-20.44 43.81-11.5l25.09 14.64L99.9 110.7C96.51 97.91 104.2 84.75 116.1 81.38C129.9 77.91 142.1 85.63 146.4 98.41l17.74 66.92L223.1 200.3l-.0002-70.5L175.6 80.88C166.3 71.44 166.3 56.25 175.8 46.94C185.2 37.59 200.4 37.72 209.8 47.13l14.22 14.37L223.1 32c0-17.69 14.34-32 32.03-32s32.03 14.31 32.03 32l.0002 29.5l14.22-14.37c9.307-9.406 24.51-9.531 33.97-.1875c9.432 9.312 9.525 24.5 .1875 33.94l-48.38 48.88L288 200.3l59.87-34.93l17.74-66.92c3.395-12.78 16.56-20.5 29.38-17.03c12.82 3.375 20.47 16.53 17.08 29.34l-5.379 20.29l25.09-14.64c15.28-8.906 34.91-3.75 43.81 11.5c8.932 15.25 3.785 34.84-11.5 43.75l-25.96 15.15l20.33 5.508c12.81 3.469 20.37 16.66 16.89 29.44c-2.895 10.69-12.59 17.72-23.16 17.72c-2.08 0-4.193-.2813-6.305-.8438L379.1 220.7L319.5 256l60.46 35.28l65.95-17.87C458.8 270 471.9 277.5 475.4 290.3c3.473 12.78-4.082 25.97-16.89 29.44l-20.33 5.508l25.96 15.15C479.4 349.3 484.5 368.9 475.6 384.1z\"><\/path><\/svg><\/div><div class=\"uagb-ifb-title-wrap\"><h6 class=\"uagb-ifb-title\">Cooling Systems Design and Installation<\/h6><\/div><p class=\"uagb-ifb-desc\">We determine the most suitable cooling system for your needs and install your cold room and cooling system with the highest quality products.<\/p><\/div><\/div>\n<\/div>\n\n\n\n<div class=\"wp-block-uagb-container uagb-block-29795e3a\">\n<div class=\"wp-block-uagb-info-box uagb-block-5366840f uagb-infobox__content-wrap  uagb-infobox-icon-above-title uagb-infobox-image-valign-top\"><div class=\"uagb-ifb-content\"><div class=\"uagb-ifb-icon-wrap\"><svg xmlns=\"https:\/\/www.w3.org\/2000\/svg\" viewBox=\"0 0 512 512\"><path d=\"M256 159.1c-53.02 0-95.1 42.98-95.1 95.1S202.1 351.1 256 351.1s95.1-42.98 95.1-95.1S309 159.1 256 159.1zM509.3 347L446.1 255.1l63.15-91.01c6.332-9.125 1.104-21.74-9.826-23.72l-109-19.7l-19.7-109c-1.975-10.93-14.59-16.16-23.72-9.824L256 65.89L164.1 2.736c-9.125-6.332-21.74-1.107-23.72 9.824L121.6 121.6L12.56 141.3C1.633 143.2-3.596 155.9 2.736 164.1L65.89 256l-63.15 91.01c-6.332 9.125-1.105 21.74 9.824 23.72l109 19.7l19.7 109c1.975 10.93 14.59 16.16 23.72 9.824L256 446.1l91.01 63.15c9.127 6.334 21.75 1.107 23.72-9.822l19.7-109l109-19.7C510.4 368.8 515.6 356.1 509.3 347zM256 383.1c-70.69 0-127.1-57.31-127.1-127.1c0-70.69 57.31-127.1 127.1-127.1s127.1 57.3 127.1 127.1C383.1 326.7 326.7 383.1 256 383.1z\"><\/path><\/svg><\/div><div class=\"uagb-ifb-title-wrap\"><h6 class=\"uagb-ifb-title\">Air Conditioning Systems Design and Installation<\/h6><\/div><p class=\"uagb-ifb-desc\">You can contact us for your air conditioning systems needs. We install with our world famous brand products.<\/p><\/div><\/div>\n<\/div>\n\n\n\n<div class=\"wp-block-uagb-container uagb-block-745d855d\">\n<div class=\"wp-block-uagb-info-box uagb-block-e12ae3e5 uagb-infobox__content-wrap  uagb-infobox-icon-above-title uagb-infobox-image-valign-top\"><div class=\"uagb-ifb-content\"><div class=\"uagb-ifb-icon-wrap\"><svg xmlns=\"https:\/\/www.w3.org\/2000\/svg\" viewBox=\"0 0 512 512\"><path d=\"M507.6 122.8c-2.904-12.09-18.25-16.13-27.04-7.338l-76.55 76.56l-83.1-.0002l0-83.1l76.55-76.56c8.791-8.789 4.75-24.14-7.336-27.04c-23.69-5.693-49.34-6.111-75.92 .2484c-61.45 14.7-109.4 66.9-119.2 129.3C189.8 160.8 192.3 186.7 200.1 210.1l-178.1 178.1c-28.12 28.12-28.12 73.69 0 101.8C35.16 504.1 53.56 512 71.1 512s36.84-7.031 50.91-21.09l178.1-178.1c23.46 7.736 49.31 10.24 76.17 6.004c62.41-9.84 114.6-57.8 129.3-119.2C513.7 172.1 513.3 146.5 507.6 122.8zM80 456c-13.25 0-24-10.75-24-24c0-13.26 10.75-24 24-24s24 10.74 24 24C104 445.3 93.25 456 80 456z\"><\/path><\/svg><\/div><div class=\"uagb-ifb-title-wrap\"><h6 class=\"uagb-ifb-title\">Cold Room Systems Installation<\/h6><\/div><p class=\"uagb-ifb-desc\">We install cold rooms that will allow you to store your food and beverages in optimum conditions and keep them in healthy conditions.<\/p><\/div><\/div>\n<\/div>\n\n\n\n<div class=\"wp-block-uagb-container uagb-block-ed401416\">\n<div class=\"wp-block-uagb-info-box uagb-block-41058d40 uagb-infobox__content-wrap  uagb-infobox-icon-above-title uagb-infobox-image-valign-top\"><div class=\"uagb-ifb-content\"><div class=\"uagb-ifb-icon-wrap\"><svg xmlns=\"https:\/\/www.w3.org\/2000\/svg\" viewBox=\"0 0 512 512\"><path d=\"M331.8 224.1c28.29 0 54.88 10.99 74.86 30.97l19.59 19.59c40.01-17.74 71.25-53.3 81.62-96.65c5.725-23.92 5.34-47.08 .2148-68.4c-2.613-10.88-16.43-14.51-24.34-6.604l-68.9 68.9h-75.6V97.2l68.9-68.9c7.912-7.912 4.275-21.73-6.604-24.34c-21.32-5.125-44.48-5.51-68.4 .2148c-55.3 13.23-98.39 60.22-107.2 116.4C224.5 128.9 224.2 137 224.3 145l82.78 82.86C315.2 225.1 323.5 224.1 331.8 224.1zM384 278.6c-23.16-23.16-57.57-27.57-85.39-13.9L191.1 158L191.1 95.99l-127.1-95.99L0 63.1l96 127.1l62.04 .0077l106.7 106.6c-13.67 27.82-9.251 62.23 13.91 85.39l117 117.1c14.62 14.5 38.21 14.5 52.71-.0016l52.75-52.75c14.5-14.5 14.5-38.08-.0016-52.71L384 278.6zM227.9 307L168.7 247.9l-148.9 148.9c-26.37 26.37-26.37 69.08 0 95.45C32.96 505.4 50.21 512 67.5 512s34.54-6.592 47.72-19.78l119.1-119.1C225.5 352.3 222.6 329.4 227.9 307zM64 472c-13.25 0-24-10.75-24-24c0-13.26 10.75-24 24-24S88 434.7 88 448C88 461.3 77.25 472 64 472z\"><\/path><\/svg><\/div><div class=\"uagb-ifb-title-wrap\"><h6 class=\"uagb-ifb-title\"><strong>Installation and Technical Support<\/strong> Service<\/h6><\/div><p class=\"uagb-ifb-desc\">We provide installation and after-sales support services with our expert teams. We are at your service 24\/7 in case of problems you experience.<\/p><\/div><\/div>\n<\/div>\n\n\n\n<div class=\"wp-block-uagb-container uagb-block-f8678f26\">\n<div class=\"wp-block-uagb-info-box uagb-block-4bdd93e7 uagb-infobox__content-wrap  uagb-infobox-icon-above-title uagb-infobox-image-valign-top\"><div class=\"uagb-ifb-content\"><div class=\"uagb-ifb-icon-wrap\"><svg xmlns=\"https:\/\/www.w3.org\/2000\/svg\" viewBox=\"0 0 576 512\"><path d=\"M568.1 196.3l-22.62-22.62c-4.533-4.533-10.56-7.029-16.97-7.029s-12.44 2.496-16.97 7.029l-5.654 5.656l-20.12-20.12c4.596-23.46-2.652-47.9-19.47-64.73l-45.25-45.25C390.2 17.47 347.1 0 303.1 0C258.2 0 216 17.47 184.3 49.21L176.5 57.05L272.5 105.1v13.81c0 18.95 7.688 37.5 21.09 50.91l49.16 49.14c13.44 13.45 31.39 20.86 50.54 20.86c4.758 0 9.512-.4648 14.18-1.387l20.12 20.12l-5.654 5.654c-9.357 9.357-9.357 24.58-.002 33.94l22.62 22.62c4.535 4.533 10.56 7.031 16.97 7.031s12.44-2.498 16.97-7.031l90.53-90.5C578.3 220.8 578.3 205.6 568.1 196.3zM270.9 192.4c-3.846-3.846-7.197-8.113-10.37-12.49l-239.5 209.2c-28.12 28.12-28.16 73.72-.0371 101.8C35.12 505 53.56 512 71.1 512s36.84-7.031 50.91-21.09l209.1-239.4c-4.141-3.061-8.184-6.289-11.89-9.996L270.9 192.4z\"><\/path><\/svg><\/div><div class=\"uagb-ifb-title-wrap\"><h6 class=\"uagb-ifb-title\"><strong>Maintenance and Repair<\/strong> Service<\/h6><\/div><p class=\"uagb-ifb-desc\">We provide you with the periodic maintenance and repair services necessary for the long-lasting and efficient operation of your systems throughout the year.<\/p><\/div><\/div>\n<\/div>\n\n\n\n<div class=\"wp-block-uagb-container uagb-block-3ce922fb\">\n<div class=\"wp-block-uagb-info-box uagb-block-3beba0c7 uagb-infobox__content-wrap  uagb-infobox-icon-above-title uagb-infobox-image-valign-top\"><div class=\"uagb-ifb-content\"><div class=\"uagb-ifb-icon-wrap\"><svg xmlns=\"https:\/\/www.w3.org\/2000\/svg\" viewBox=\"0 0 384 512\"><path d=\"M381.2 172.8C377.1 164.9 368.9 160 360 160h-156.6l50.84-127.1c2.969-7.375 2.062-15.78-2.406-22.38S239.1 0 232 0h-176C43.97 0 33.81 8.906 32.22 20.84l-32 240C-.7179 267.7 1.376 274.6 5.938 279.8C10.5 285 17.09 288 24 288h146.3l-41.78 194.1c-2.406 11.22 3.469 22.56 14 27.09C145.6 511.4 148.8 512 152 512c7.719 0 15.22-3.75 19.81-10.44l208-304C384.8 190.2 385.4 180.7 381.2 172.8z\"><\/path><\/svg><\/div><div class=\"uagb-ifb-title-wrap\"><h6 class=\"uagb-ifb-title\">Energy Efficiency Consultancy Service<\/h6><\/div><p class=\"uagb-ifb-desc\">With our experienced team, we provide the professional support necessary to optimize the energy consumption of businesses.<\/p><\/div><\/div>\n<\/div>\n<\/div><\/div>\n<\/div><\/div>\n","protected":false},"excerpt":{"rendered":"<p>Our Services<\/p>\n","protected":false},"author":1,"featured_media":0,"parent":0,"menu_order":0,"comment_status":"closed","ping_status":"closed","template":"","meta":{"_uag_custom_page_level_css":"","site-sidebar-layout":"no-sidebar","site-content-layout":"plain-container","ast-site-content-layout":"normal-width-container","site-content-style":"unboxed","site-sidebar-style":"unboxed","ast-global-header-display":"","ast-banner-title-visibility":"","ast-main-header-display":"","ast-hfb-above-header-display":"","ast-hfb-below-header-display":"","ast-hfb-mobile-header-display":"","site-post-title":"disabled","ast-breadcrumbs-content":"","ast-featured-img":"disabled","footer-sml-layout":"","theme-transparent-header-meta":"enabled","adv-header-id-meta":"","stick-header-meta":"","header-above-stick-meta":"","header-main-stick-meta":"","header-below-stick-meta":"","astra-migrate-meta-layouts":"set","ast-page-background-enabled":"default","ast-page-background-meta":{"desktop":{"background-color":"","background-image":"","background-repeat":"repeat","background-position":"center center","background-size":"auto","background-attachment":"scroll","background-type":"","background-media":"","overlay-type":"","overlay-color":"","overlay-opacity":"","overlay-gradient":""},"tablet":{"background-color":"","background-image":"","background-repeat":"repeat","background-position":"center center","background-size":"auto","background-attachment":"scroll","background-type":"","background-media":"","overlay-type":"","overlay-color":"","overlay-opacity":"","overlay-gradient":""},"mobile":{"background-color":"","background-image":"","background-repeat":"repeat","background-position":"center center","background-size":"auto","background-attachment":"scroll","background-type":"","background-media":"","overlay-type":"","overlay-color":"","overlay-opacity":"","overlay-gradient":""}},"ast-content-background-meta":{"desktop":{"background-color":"var(--ast-global-color-5)","background-image":"","background-repeat":"repeat","background-position":"center center","background-size":"auto","background-attachment":"scroll","background-type":"","background-media":"","overlay-type":"","overlay-color":"","overlay-opacity":"","overlay-gradient":""},"tablet":{"background-color":"var(--ast-global-color-5)","background-image":"","background-repeat":"repeat","background-position":"center center","background-size":"auto","background-attachment":"scroll","background-type":"","background-media":"","overlay-type":"","overlay-color":"","overlay-opacity":"","overlay-gradient":""},"mobile":{"background-color":"var(--ast-global-color-5)","background-image":"","background-repeat":"repeat","background-position":"center center","background-size":"auto","background-attachment":"scroll","background-type":"","background-media":"","overlay-type":"","overlay-color":"","overlay-opacity":"","overlay-gradient":""}},"footnotes":""},"class_list":["post-2351","page","type-page","status-publish","hentry"],"yoast_head":"<!-- This site is optimized with the Yoast SEO plugin v27.2 - https:\/\/yoast.com\/product\/yoast-seo-wordpress\/ -->\n<title>Our Services - End\u00fcstriyel So\u011futma Sistemleri | Gold Frost Enerji<\/title>\n<meta name=\"robots\" content=\"index, follow, max-snippet:-1, max-image-preview:large, max-video-preview:-1\" \/>\n<link rel=\"canonical\" href=\"https:\/\/goldfrostenerji.com\/hizmetlerimiz\/\" \/>\n<meta property=\"og:locale\" content=\"en_US\" \/>\n<meta property=\"og:type\" content=\"article\" \/>\n<meta property=\"og:title\" content=\"Our Services - End\u00fcstriyel So\u011futma Sistemleri | Gold Frost Enerji\" \/>\n<meta property=\"og:description\" content=\"Our Services\" \/>\n<meta property=\"og:url\" content=\"https:\/\/goldfrostenerji.com\/hizmetlerimiz\/\" \/>\n<meta property=\"og:site_name\" content=\"End\u00fcstriyel So\u011futma Sistemleri | Gold Frost Enerji\" \/>\n<meta property=\"article:modified_time\" content=\"2025-01-28T10:10:45+00:00\" \/>\n<meta name=\"twitter:card\" content=\"summary_large_image\" \/>\n<meta name=\"twitter:label1\" content=\"Est. reading time\" \/>\n\t<meta name=\"twitter:data1\" content=\"1 minute\" \/>\n<script type=\"application\/ld+json\" class=\"yoast-schema-graph\">{\"@context\":\"https:\/\/schema.org\",\"@graph\":[{\"@type\":\"WebPage\",\"@id\":\"https:\/\/goldfrostenerji.com\/hizmetlerimiz\/\",\"url\":\"https:\/\/goldfrostenerji.com\/hizmetlerimiz\/\",\"name\":\"Our Services - End\u00fcstriyel So\u011futma Sistemleri | Gold Frost Enerji\",\"isPartOf\":{\"@id\":\"https:\/\/goldfrostenerji.com\/#website\"},\"datePublished\":\"2024-12-06T16:13:02+00:00\",\"dateModified\":\"2025-01-28T10:10:45+00:00\",\"breadcrumb\":{\"@id\":\"https:\/\/goldfrostenerji.com\/hizmetlerimiz\/#breadcrumb\"},\"inLanguage\":\"en-US\",\"potentialAction\":[{\"@type\":\"ReadAction\",\"target\":[\"https:\/\/goldfrostenerji.com\/hizmetlerimiz\/\"]}]},{\"@type\":\"BreadcrumbList\",\"@id\":\"https:\/\/goldfrostenerji.com\/hizmetlerimiz\/#breadcrumb\",\"itemListElement\":[{\"@type\":\"ListItem\",\"position\":1,\"name\":\"Anasayfa\",\"item\":\"https:\/\/goldfrostenerji.com\/en\/\"},{\"@type\":\"ListItem\",\"position\":2,\"name\":\"Our Services\"}]},{\"@type\":\"WebSite\",\"@id\":\"https:\/\/goldfrostenerji.com\/#website\",\"url\":\"https:\/\/goldfrostenerji.com\/\",\"name\":\"End\u00fcstriyel So\u011futma ve \u0130klimlendirme Sistemleri | Gold Frost Enerji\",\"description\":\"End\u00fcstriyel So\u011futma ve \u0130klimlendirme Sistemleri\",\"publisher\":{\"@id\":\"https:\/\/goldfrostenerji.com\/#organization\"},\"potentialAction\":[{\"@type\":\"SearchAction\",\"target\":{\"@type\":\"EntryPoint\",\"urlTemplate\":\"https:\/\/goldfrostenerji.com\/?s={search_term_string}\"},\"query-input\":{\"@type\":\"PropertyValueSpecification\",\"valueRequired\":true,\"valueName\":\"search_term_string\"}}],\"inLanguage\":\"en-US\"},{\"@type\":\"Organization\",\"@id\":\"https:\/\/goldfrostenerji.com\/#organization\",\"name\":\"Gold Frost Enerji\",\"url\":\"https:\/\/goldfrostenerji.com\/\",\"logo\":{\"@type\":\"ImageObject\",\"inLanguage\":\"en-US\",\"@id\":\"https:\/\/goldfrostenerji.com\/#\/schema\/logo\/image\/\",\"url\":\"https:\/\/goldfrostenerji.com\/wp-content\/uploads\/2024\/12\/gold-frost-logo.png\",\"contentUrl\":\"https:\/\/goldfrostenerji.com\/wp-content\/uploads\/2024\/12\/gold-frost-logo.png\",\"width\":315,\"height\":151,\"caption\":\"Gold Frost Enerji\"},\"image\":{\"@id\":\"https:\/\/goldfrostenerji.com\/#\/schema\/logo\/image\/\"},\"sameAs\":[\"https:\/\/www.instagram.com\/goldfrost_enerji\/\"]}]}<\/script>\n<!-- \/ Yoast SEO plugin. -->","yoast_head_json":{"title":"Our Services - End\u00fcstriyel So\u011futma Sistemleri | Gold Frost Enerji","robots":{"index":"index","follow":"follow","max-snippet":"max-snippet:-1","max-image-preview":"max-image-preview:large","max-video-preview":"max-video-preview:-1"},"canonical":"https:\/\/goldfrostenerji.com\/hizmetlerimiz\/","og_locale":"en_US","og_type":"article","og_title":"Our Services - End\u00fcstriyel So\u011futma Sistemleri | Gold Frost Enerji","og_description":"Our Services","og_url":"https:\/\/goldfrostenerji.com\/hizmetlerimiz\/","og_site_name":"End\u00fcstriyel So\u011futma Sistemleri | Gold Frost Enerji","article_modified_time":"2025-01-28T10:10:45+00:00","twitter_card":"summary_large_image","twitter_misc":{"Est. reading time":"1 minute"},"schema":{"@context":"https:\/\/schema.org","@graph":[{"@type":"WebPage","@id":"https:\/\/goldfrostenerji.com\/hizmetlerimiz\/","url":"https:\/\/goldfrostenerji.com\/hizmetlerimiz\/","name":"Our Services - End\u00fcstriyel So\u011futma Sistemleri | Gold Frost Enerji","isPartOf":{"@id":"https:\/\/goldfrostenerji.com\/#website"},"datePublished":"2024-12-06T16:13:02+00:00","dateModified":"2025-01-28T10:10:45+00:00","breadcrumb":{"@id":"https:\/\/goldfrostenerji.com\/hizmetlerimiz\/#breadcrumb"},"inLanguage":"en-US","potentialAction":[{"@type":"ReadAction","target":["https:\/\/goldfrostenerji.com\/hizmetlerimiz\/"]}]},{"@type":"BreadcrumbList","@id":"https:\/\/goldfrostenerji.com\/hizmetlerimiz\/#breadcrumb","itemListElement":[{"@type":"ListItem","position":1,"name":"Anasayfa","item":"https:\/\/goldfrostenerji.com\/en\/"},{"@type":"ListItem","position":2,"name":"Our Services"}]},{"@type":"WebSite","@id":"https:\/\/goldfrostenerji.com\/#website","url":"https:\/\/goldfrostenerji.com\/","name":"End\u00fcstriyel So\u011futma ve \u0130klimlendirme Sistemleri | Gold Frost Enerji","description":"End\u00fcstriyel So\u011futma ve \u0130klimlendirme Sistemleri","publisher":{"@id":"https:\/\/goldfrostenerji.com\/#organization"},"potentialAction":[{"@type":"SearchAction","target":{"@type":"EntryPoint","urlTemplate":"https:\/\/goldfrostenerji.com\/?s={search_term_string}"},"query-input":{"@type":"PropertyValueSpecification","valueRequired":true,"valueName":"search_term_string"}}],"inLanguage":"en-US"},{"@type":"Organization","@id":"https:\/\/goldfrostenerji.com\/#organization","name":"Gold Frost Enerji","url":"https:\/\/goldfrostenerji.com\/","logo":{"@type":"ImageObject","inLanguage":"en-US","@id":"https:\/\/goldfrostenerji.com\/#\/schema\/logo\/image\/","url":"https:\/\/goldfrostenerji.com\/wp-content\/uploads\/2024\/12\/gold-frost-logo.png","contentUrl":"https:\/\/goldfrostenerji.com\/wp-content\/uploads\/2024\/12\/gold-frost-logo.png","width":315,"height":151,"caption":"Gold Frost Enerji"},"image":{"@id":"https:\/\/goldfrostenerji.com\/#\/schema\/logo\/image\/"},"sameAs":["https:\/\/www.instagram.com\/goldfrost_enerji\/"]}]}},"uagb_featured_image_src":{"full":false,"thumbnail":false,"medium":false,"medium_large":false,"large":false,"1536x1536":false,"2048x2048":false,"woocommerce_thumbnail":false,"woocommerce_single":false,"woocommerce_gallery_thumbnail":false},"uagb_author_info":{"display_name":"goldfrostenerji@gmail.com","author_link":"https:\/\/goldfrostenerji.com\/en\/author\/goldfrostenerjigmail-com\/"},"uagb_comment_info":0,"uagb_excerpt":"Our Services","_links":{"self":[{"href":"https:\/\/goldfrostenerji.com\/en\/wp-json\/wp\/v2\/pages\/2351","targetHints":{"allow":["GET"]}}],"collection":[{"href":"https:\/\/goldfrostenerji.com\/en\/wp-json\/wp\/v2\/pages"}],"about":[{"href":"https:\/\/goldfrostenerji.com\/en\/wp-json\/wp\/v2\/types\/page"}],"author":[{"embeddable":true,"href":"https:\/\/goldfrostenerji.com\/en\/wp-json\/wp\/v2\/users\/1"}],"replies":[{"embeddable":true,"href":"https:\/\/goldfrostenerji.com\/en\/wp-json\/wp\/v2\/comments?post=2351"}],"version-history":[{"count":2,"href":"https:\/\/goldfrostenerji.com\/en\/wp-json\/wp\/v2\/pages\/2351\/revisions"}],"predecessor-version":[{"id":2395,"href":"https:\/\/goldfrostenerji.com\/en\/wp-json\/wp\/v2\/pages\/2351\/revisions\/2395"}],"wp:attachment":[{"href":"https:\/\/goldfrostenerji.com\/en\/wp-json\/wp\/v2\/media?parent=2351"}],"curies":[{"name":"wp","href":"https:\/\/api.w.org\/{rel}","templated":true}]}}