{"id":2350,"date":"2024-12-18T19:05:17","date_gmt":"2024-12-18T16:05:17","guid":{"rendered":"https:\/\/goldfrostenerji.com\/iletisim\/"},"modified":"2025-01-31T15:17:57","modified_gmt":"2025-01-31T12:17:57","slug":"contact","status":"publish","type":"page","link":"https:\/\/goldfrostenerji.com\/en\/contact\/","title":{"rendered":"Contact"},"content":{"rendered":"\n<div class=\"wp-block-uagb-container uagb-block-b9e24373 alignfull uagb-is-root-container\"><div class=\"uagb-container-inner-blocks-wrap\">\n<div class=\"wp-block-uagb-container uagb-block-6af7ebb3\">\t\t\t<div \n\t\t\tclass=\"wp-block-uagb-google-map uagb-google-map__wrap uagb-block-8d9bd007     \"\n\t\t\tstyle=\"\" >\n\t\t\t\t<embed\n\t\t\t\t\tclass=\"uagb-google-map__iframe\"\n\t\t\t\t\ttitle=\"Google Map for \"\n\t\t\t\t\tsrc=\"https:\/\/maps.google.com\/maps?q=Gold%20Frost%20Enerj&#038;z=14&#038;hl=en&#038;t=m&#038;output=embed&#038;iwloc=near\"\n\t\t\t\t\twidth=\"640\"\n\t\t\t\t\theight=\"750\"\n\t\t\t\t\tloading=\"lazy\"\n\t\t\t\t><\/embed>\n\t\t\t<\/div>\n\t\t\t<\/div>\n\n\n\n<div class=\"wp-block-uagb-container uagb-block-332b53c3\"><style id=\"wpforms-css-vars-2399-block-fba3269f-80b6-45fb-b411-4b08607909f8\">\n\t\t\t\t#wpforms-2399.wpforms-block-fba3269f-80b6-45fb-b411-4b08607909f8 {\n\t\t\t\t--wpforms-field-size-input-height: 43px;\n--wpforms-field-size-input-spacing: 15px;\n--wpforms-field-size-font-size: 16px;\n--wpforms-field-size-line-height: 19px;\n--wpforms-field-size-padding-h: 14px;\n--wpforms-field-size-checkbox-size: 16px;\n--wpforms-field-size-sublabel-spacing: 5px;\n--wpforms-field-size-icon-size: 1;\n--wpforms-label-size-font-size: 16px;\n--wpforms-label-size-line-height: 19px;\n--wpforms-label-size-sublabel-font-size: 14px;\n--wpforms-label-size-sublabel-line-height: 17px;\n--wpforms-button-size-font-size: 17px;\n--wpforms-button-size-height: 41px;\n--wpforms-button-size-padding-h: 15px;\n--wpforms-button-size-margin-top: 10px;\n\t\t\t}\n\t\t\t<\/style><div class=\"wpforms-container wpforms-container-full wpforms-block wpforms-block-fba3269f-80b6-45fb-b411-4b08607909f8 wpforms-render-modern\" id=\"wpforms-2399\"><form id=\"wpforms-form-2399\" class=\"wpforms-validate wpforms-form wpforms-ajax-form\" data-formid=\"2399\" method=\"post\" enctype=\"multipart\/form-data\" action=\"\/en\/wp-json\/wp\/v2\/pages\/2350\" data-token=\"2ac95afb13888a894680377f9ffebfbd\" data-token-time=\"1776402147\"><noscript class=\"wpforms-error-noscript\">Please enable JavaScript in your browser to complete this form.<\/noscript><div id=\"wpforms-error-noscript\" style=\"display: none;\">Please enable JavaScript in your browser to complete this form.<\/div><div class=\"wpforms-field-container\"><div id=\"wpforms-2399-field_1-container\" class=\"wpforms-field wpforms-field-name\" data-field-id=\"1\"><fieldset><legend class=\"wpforms-field-label\">Name Surname <span class=\"wpforms-required-label\" aria-hidden=\"true\">*<\/span><\/legend><div class=\"wpforms-field-row wpforms-field-large\"><div class=\"wpforms-field-row-block wpforms-first wpforms-one-half\"><input type=\"text\" id=\"wpforms-2399-field_1\" class=\"wpforms-field-name-first wpforms-field-required\" name=\"wpforms[fields][1][first]\" aria-errormessage=\"wpforms-2399-field_1-error\" required><label for=\"wpforms-2399-field_1\" class=\"wpforms-field-sublabel after wpforms-sublabel-hide\">First<\/label><\/div><div class=\"wpforms-field-row-block wpforms-one-half\"><input type=\"text\" id=\"wpforms-2399-field_1-last\" class=\"wpforms-field-name-last wpforms-field-required\" name=\"wpforms[fields][1][last]\" aria-errormessage=\"wpforms-2399-field_1-last-error\" required><label for=\"wpforms-2399-field_1-last\" class=\"wpforms-field-sublabel after wpforms-sublabel-hide\">Last<\/label><\/div><\/div><\/fieldset><\/div><div id=\"wpforms-2399-field_6-container\" class=\"wpforms-field wpforms-field-text\" data-field-id=\"6\"><label class=\"wpforms-field-label\" for=\"wpforms-2399-field_6\">Company<\/label><input type=\"text\" id=\"wpforms-2399-field_6\" class=\"wpforms-field-large\" name=\"wpforms[fields][6]\" aria-errormessage=\"wpforms-2399-field_6-error\" ><\/div>\t\t<div id=\"wpforms-2399-field_7-container\"\n\t\t\tclass=\"wpforms-field wpforms-field-text\"\n\t\t\tdata-field-type=\"text\"\n\t\t\tdata-field-id=\"7\"\n\t\t\t>\n\t\t\t<label class=\"wpforms-field-label\" for=\"wpforms-2399-field_7\" >Surname Company GDPR<\/label>\n\t\t\t<input type=\"text\" id=\"wpforms-2399-field_7\" class=\"wpforms-field-medium\" name=\"wpforms[fields][7]\" >\n\t\t<\/div>\n\t\t<div id=\"wpforms-2399-field_2-container\" class=\"wpforms-field wpforms-field-email\" data-field-id=\"2\"><label class=\"wpforms-field-label\" for=\"wpforms-2399-field_2\">E-Mail <span class=\"wpforms-required-label\" aria-hidden=\"true\">*<\/span><\/label><input type=\"email\" id=\"wpforms-2399-field_2\" class=\"wpforms-field-large wpforms-field-required\" name=\"wpforms[fields][2]\" spellcheck=\"false\" aria-errormessage=\"wpforms-2399-field_2-error\" required><\/div><div id=\"wpforms-2399-field_5-container\" class=\"wpforms-field wpforms-field-number\" data-field-id=\"5\"><label class=\"wpforms-field-label\" for=\"wpforms-2399-field_5\">Phone <span class=\"wpforms-required-label\" aria-hidden=\"true\">*<\/span><\/label><input type=\"number\" id=\"wpforms-2399-field_5\" class=\"wpforms-field-large wpforms-field-required\" name=\"wpforms[fields][5]\" step=\"any\" aria-errormessage=\"wpforms-2399-field_5-error\" required><\/div><div id=\"wpforms-2399-field_3-container\" class=\"wpforms-field wpforms-field-textarea\" data-field-id=\"3\"><label class=\"wpforms-field-label\" for=\"wpforms-2399-field_3\">Message <span class=\"wpforms-required-label\" aria-hidden=\"true\">*<\/span><\/label><textarea id=\"wpforms-2399-field_3\" class=\"wpforms-field-medium wpforms-field-required\" name=\"wpforms[fields][3]\" aria-errormessage=\"wpforms-2399-field_3-error\" required><\/textarea><\/div><div id=\"wpforms-2399-field_4-container\" class=\"wpforms-field wpforms-field-gdpr-checkbox\" data-field-id=\"4\"><label class=\"wpforms-field-label\">GDPR Agreement <span class=\"wpforms-required-label\" aria-hidden=\"true\">*<\/span><\/label><ul id=\"wpforms-2399-field_4\" class=\"wpforms-field-required\"><li class=\"choice-1\"><input type=\"checkbox\" id=\"wpforms-2399-field_4_1\" name=\"wpforms[fields][4][]\" value=\"I consent to this website recording the information I submit in order to respond to my request.\" aria-errormessage=\"wpforms-2399-field_4_1-error\" required ><label class=\"wpforms-field-label-inline\" for=\"wpforms-2399-field_4_1\">I consent to this website recording the information I submit in order to respond to my request.<\/label><\/li><\/ul><\/div><script>\n\t\t\t\t( function() {\n\t\t\t\t\tconst style = document.createElement( 'style' );\n\t\t\t\t\tstyle.appendChild( document.createTextNode( '#wpforms-2399-field_7-container { position: absolute !important; overflow: hidden !important; display: inline !important; height: 1px !important; width: 1px !important; z-index: -1000 !important; padding: 0 !important; } #wpforms-2399-field_7-container input { visibility: hidden; } #wpforms-conversational-form-page #wpforms-2399-field_7-container label { counter-increment: none; }' ) );\n\t\t\t\t\tdocument.head.appendChild( style );\n\t\t\t\t\tdocument.currentScript?.remove();\n\t\t\t\t} )();\n\t\t\t<\/script><\/div><!-- .wpforms-field-container --><div class=\"wpforms-submit-container\" ><input type=\"hidden\" name=\"wpforms[id]\" value=\"2399\"><input type=\"hidden\" name=\"page_title\" value=\"\"><input type=\"hidden\" name=\"page_url\" value=\"https:\/\/goldfrostenerji.com\/en\/wp-json\/wp\/v2\/pages\/2350\"><input type=\"hidden\" name=\"url_referer\" value=\"\"><button type=\"submit\" name=\"wpforms[submit]\" id=\"wpforms-submit-2399\" class=\"wpforms-submit wp-block-button\" data-alt-text=\"Sending...\" data-submit-text=\"Submit\" aria-live=\"assertive\" value=\"wpforms-submit\">Submit<\/button><img loading=\"lazy\" decoding=\"async\" src=\"https:\/\/goldfrostenerji.com\/wp-content\/plugins\/wpforms-lite\/assets\/images\/submit-spin.svg\" class=\"wpforms-submit-spinner\" style=\"display: none;\" width=\"26\" height=\"26\" alt=\"Loading\"><\/div><\/form><\/div>  <!-- .wpforms-container --><\/div>\n<\/div><\/div>\n\n\n\n<div class=\"wp-block-uagb-container uagb-block-5cfa1866 alignfull uagb-is-root-container\"><div class=\"uagb-container-inner-blocks-wrap\">\n<div class=\"wp-block-uagb-container uagb-block-3f3d1006\">\n<div class=\"wp-block-uagb-info-box uagb-block-dd534438 uagb-infobox__content-wrap  uagb-infobox-icon-above-title uagb-infobox-image-valign-top\"><div class=\"uagb-ifb-content\"><div class=\"uagb-ifb-title-wrap\"><h5 class=\"uagb-ifb-title\">Address<\/h5><\/div><p class=\"uagb-ifb-desc\"><strong>AHMETTURAN GAZ\u0130 OSB, MAH. OSB-10SK NO:2\/5E, 58030 ORGAN\u0130ZE SANAY\u0130 B\u00d6LGES\u0130<br>S\u0130VAS \/ T\u00dcRK\u0130YE<\/strong><\/p><\/div><\/div>\n<\/div>\n\n\n\n<div class=\"wp-block-uagb-container uagb-block-f197ac84\">\n<div class=\"wp-block-uagb-info-box uagb-block-cfe5e114 uagb-infobox__content-wrap  uagb-infobox_cta-type-all uagb-infobox-icon-above-title uagb-infobox-image-valign-top\"><a href=\"tel:+905465940805\" class=\"uagb-infobox-link-wrap uagb-infbox__link-to-all\" target=\"_self\" aria-label=\"Infobox Link\" rel=\"noopener noreferrer\" onclick=\"return true;\"><\/a><div class=\"uagb-ifb-content\"><div class=\"uagb-ifb-title-wrap\"><h5 class=\"uagb-ifb-title\">Phone<\/h5><\/div><p class=\"uagb-ifb-desc\"><strong>+90 546 594 08 05<\/strong><\/p><div class=\"uagb-ifb-button-wrapper wp-block-button\"><\/div><\/div><\/div>\n<\/div>\n\n\n\n<div class=\"wp-block-uagb-container uagb-block-5cfc3e4c\">\n<div class=\"wp-block-uagb-info-box uagb-block-a3f32769 uagb-infobox__content-wrap  uagb-infobox_cta-type-all uagb-infobox-icon-above-title uagb-infobox-image-valign-top\"><a href=\"mailto:info@goldfrostenerji.com\" class=\"uagb-infobox-link-wrap uagb-infbox__link-to-all\" target=\"_self\" aria-label=\"Infobox Link\" rel=\"noopener noreferrer\" onclick=\"return true;\"><\/a><div class=\"uagb-ifb-content\"><div class=\"uagb-ifb-title-wrap\"><h5 class=\"uagb-ifb-title\">E-Mail<\/h5><\/div><p class=\"uagb-ifb-desc\"><strong>info@goldfrostenerji.com<\/strong><\/p><div class=\"uagb-ifb-button-wrapper wp-block-button\"><\/div><\/div><\/div>\n<\/div>\n<\/div><\/div>\n","protected":false},"excerpt":{"rendered":"","protected":false},"author":1,"featured_media":0,"parent":0,"menu_order":0,"comment_status":"closed","ping_status":"closed","template":"","meta":{"_uag_custom_page_level_css":"","site-sidebar-layout":"default","site-content-layout":"","ast-site-content-layout":"default","site-content-style":"default","site-sidebar-style":"default","ast-global-header-display":"","ast-banner-title-visibility":"","ast-main-header-display":"","ast-hfb-above-header-display":"","ast-hfb-below-header-display":"","ast-hfb-mobile-header-display":"","site-post-title":"","ast-breadcrumbs-content":"","ast-featured-img":"","footer-sml-layout":"","theme-transparent-header-meta":"","adv-header-id-meta":"","stick-header-meta":"","header-above-stick-meta":"","header-main-stick-meta":"","header-below-stick-meta":"","astra-migrate-meta-layouts":"set","ast-page-background-enabled":"default","ast-page-background-meta":{"desktop":{"background-color":"","background-image":"","background-repeat":"repeat","background-position":"center center","background-size":"auto","background-attachment":"scroll","background-type":"","background-media":"","overlay-type":"","overlay-color":"","overlay-opacity":"","overlay-gradient":""},"tablet":{"background-color":"","background-image":"","background-repeat":"repeat","background-position":"center center","background-size":"auto","background-attachment":"scroll","background-type":"","background-media":"","overlay-type":"","overlay-color":"","overlay-opacity":"","overlay-gradient":""},"mobile":{"background-color":"","background-image":"","background-repeat":"repeat","background-position":"center center","background-size":"auto","background-attachment":"scroll","background-type":"","background-media":"","overlay-type":"","overlay-color":"","overlay-opacity":"","overlay-gradient":""}},"ast-content-background-meta":{"desktop":{"background-color":"var(--ast-global-color-5)","background-image":"","background-repeat":"repeat","background-position":"center center","background-size":"auto","background-attachment":"scroll","background-type":"","background-media":"","overlay-type":"","overlay-color":"","overlay-opacity":"","overlay-gradient":""},"tablet":{"background-color":"var(--ast-global-color-5)","background-image":"","background-repeat":"repeat","background-position":"center center","background-size":"auto","background-attachment":"scroll","background-type":"","background-media":"","overlay-type":"","overlay-color":"","overlay-opacity":"","overlay-gradient":""},"mobile":{"background-color":"var(--ast-global-color-5)","background-image":"","background-repeat":"repeat","background-position":"center center","background-size":"auto","background-attachment":"scroll","background-type":"","background-media":"","overlay-type":"","overlay-color":"","overlay-opacity":"","overlay-gradient":""}},"footnotes":""},"class_list":["post-2350","page","type-page","status-publish","hentry"],"yoast_head":"<!-- This site is optimized with the Yoast SEO plugin v27.2 - https:\/\/yoast.com\/product\/yoast-seo-wordpress\/ -->\n<title>Contact - End\u00fcstriyel So\u011futma Sistemleri | Gold Frost Enerji<\/title>\n<meta name=\"robots\" content=\"index, follow, max-snippet:-1, max-image-preview:large, max-video-preview:-1\" \/>\n<link rel=\"canonical\" href=\"https:\/\/goldfrostenerji.com\/iletisim\/\" \/>\n<meta property=\"og:locale\" content=\"en_US\" \/>\n<meta property=\"og:type\" content=\"article\" \/>\n<meta property=\"og:title\" content=\"Contact - End\u00fcstriyel So\u011futma Sistemleri | Gold Frost Enerji\" \/>\n<meta property=\"og:url\" content=\"https:\/\/goldfrostenerji.com\/iletisim\/\" \/>\n<meta property=\"og:site_name\" content=\"End\u00fcstriyel So\u011futma Sistemleri | Gold Frost Enerji\" \/>\n<meta property=\"article:modified_time\" content=\"2025-01-31T12:17:57+00:00\" \/>\n<meta name=\"twitter:card\" content=\"summary_large_image\" \/>\n<script type=\"application\/ld+json\" class=\"yoast-schema-graph\">{\"@context\":\"https:\/\/schema.org\",\"@graph\":[{\"@type\":\"WebPage\",\"@id\":\"https:\/\/goldfrostenerji.com\/iletisim\/\",\"url\":\"https:\/\/goldfrostenerji.com\/iletisim\/\",\"name\":\"Contact - End\u00fcstriyel So\u011futma Sistemleri | Gold Frost Enerji\",\"isPartOf\":{\"@id\":\"https:\/\/goldfrostenerji.com\/#website\"},\"datePublished\":\"2024-12-18T16:05:17+00:00\",\"dateModified\":\"2025-01-31T12:17:57+00:00\",\"breadcrumb\":{\"@id\":\"https:\/\/goldfrostenerji.com\/iletisim\/#breadcrumb\"},\"inLanguage\":\"en-US\",\"potentialAction\":[{\"@type\":\"ReadAction\",\"target\":[\"https:\/\/goldfrostenerji.com\/iletisim\/\"]}]},{\"@type\":\"BreadcrumbList\",\"@id\":\"https:\/\/goldfrostenerji.com\/iletisim\/#breadcrumb\",\"itemListElement\":[{\"@type\":\"ListItem\",\"position\":1,\"name\":\"Anasayfa\",\"item\":\"https:\/\/goldfrostenerji.com\/en\/\"},{\"@type\":\"ListItem\",\"position\":2,\"name\":\"Contact\"}]},{\"@type\":\"WebSite\",\"@id\":\"https:\/\/goldfrostenerji.com\/#website\",\"url\":\"https:\/\/goldfrostenerji.com\/\",\"name\":\"End\u00fcstriyel So\u011futma ve \u0130klimlendirme Sistemleri | Gold Frost Enerji\",\"description\":\"End\u00fcstriyel So\u011futma ve \u0130klimlendirme Sistemleri\",\"publisher\":{\"@id\":\"https:\/\/goldfrostenerji.com\/#organization\"},\"potentialAction\":[{\"@type\":\"SearchAction\",\"target\":{\"@type\":\"EntryPoint\",\"urlTemplate\":\"https:\/\/goldfrostenerji.com\/?s={search_term_string}\"},\"query-input\":{\"@type\":\"PropertyValueSpecification\",\"valueRequired\":true,\"valueName\":\"search_term_string\"}}],\"inLanguage\":\"en-US\"},{\"@type\":\"Organization\",\"@id\":\"https:\/\/goldfrostenerji.com\/#organization\",\"name\":\"Gold Frost Enerji\",\"url\":\"https:\/\/goldfrostenerji.com\/\",\"logo\":{\"@type\":\"ImageObject\",\"inLanguage\":\"en-US\",\"@id\":\"https:\/\/goldfrostenerji.com\/#\/schema\/logo\/image\/\",\"url\":\"https:\/\/goldfrostenerji.com\/wp-content\/uploads\/2024\/12\/gold-frost-logo.png\",\"contentUrl\":\"https:\/\/goldfrostenerji.com\/wp-content\/uploads\/2024\/12\/gold-frost-logo.png\",\"width\":315,\"height\":151,\"caption\":\"Gold Frost Enerji\"},\"image\":{\"@id\":\"https:\/\/goldfrostenerji.com\/#\/schema\/logo\/image\/\"},\"sameAs\":[\"https:\/\/www.instagram.com\/goldfrost_enerji\/\"]}]}<\/script>\n<!-- \/ Yoast SEO plugin. -->","yoast_head_json":{"title":"Contact - End\u00fcstriyel So\u011futma Sistemleri | Gold Frost Enerji","robots":{"index":"index","follow":"follow","max-snippet":"max-snippet:-1","max-image-preview":"max-image-preview:large","max-video-preview":"max-video-preview:-1"},"canonical":"https:\/\/goldfrostenerji.com\/iletisim\/","og_locale":"en_US","og_type":"article","og_title":"Contact - End\u00fcstriyel So\u011futma Sistemleri | Gold Frost Enerji","og_url":"https:\/\/goldfrostenerji.com\/iletisim\/","og_site_name":"End\u00fcstriyel So\u011futma Sistemleri | Gold Frost Enerji","article_modified_time":"2025-01-31T12:17:57+00:00","twitter_card":"summary_large_image","schema":{"@context":"https:\/\/schema.org","@graph":[{"@type":"WebPage","@id":"https:\/\/goldfrostenerji.com\/iletisim\/","url":"https:\/\/goldfrostenerji.com\/iletisim\/","name":"Contact - End\u00fcstriyel So\u011futma Sistemleri | Gold Frost Enerji","isPartOf":{"@id":"https:\/\/goldfrostenerji.com\/#website"},"datePublished":"2024-12-18T16:05:17+00:00","dateModified":"2025-01-31T12:17:57+00:00","breadcrumb":{"@id":"https:\/\/goldfrostenerji.com\/iletisim\/#breadcrumb"},"inLanguage":"en-US","potentialAction":[{"@type":"ReadAction","target":["https:\/\/goldfrostenerji.com\/iletisim\/"]}]},{"@type":"BreadcrumbList","@id":"https:\/\/goldfrostenerji.com\/iletisim\/#breadcrumb","itemListElement":[{"@type":"ListItem","position":1,"name":"Anasayfa","item":"https:\/\/goldfrostenerji.com\/en\/"},{"@type":"ListItem","position":2,"name":"Contact"}]},{"@type":"WebSite","@id":"https:\/\/goldfrostenerji.com\/#website","url":"https:\/\/goldfrostenerji.com\/","name":"End\u00fcstriyel So\u011futma ve \u0130klimlendirme Sistemleri | Gold Frost Enerji","description":"End\u00fcstriyel So\u011futma ve \u0130klimlendirme Sistemleri","publisher":{"@id":"https:\/\/goldfrostenerji.com\/#organization"},"potentialAction":[{"@type":"SearchAction","target":{"@type":"EntryPoint","urlTemplate":"https:\/\/goldfrostenerji.com\/?s={search_term_string}"},"query-input":{"@type":"PropertyValueSpecification","valueRequired":true,"valueName":"search_term_string"}}],"inLanguage":"en-US"},{"@type":"Organization","@id":"https:\/\/goldfrostenerji.com\/#organization","name":"Gold Frost Enerji","url":"https:\/\/goldfrostenerji.com\/","logo":{"@type":"ImageObject","inLanguage":"en-US","@id":"https:\/\/goldfrostenerji.com\/#\/schema\/logo\/image\/","url":"https:\/\/goldfrostenerji.com\/wp-content\/uploads\/2024\/12\/gold-frost-logo.png","contentUrl":"https:\/\/goldfrostenerji.com\/wp-content\/uploads\/2024\/12\/gold-frost-logo.png","width":315,"height":151,"caption":"Gold Frost Enerji"},"image":{"@id":"https:\/\/goldfrostenerji.com\/#\/schema\/logo\/image\/"},"sameAs":["https:\/\/www.instagram.com\/goldfrost_enerji\/"]}]}},"uagb_featured_image_src":{"full":false,"thumbnail":false,"medium":false,"medium_large":false,"large":false,"1536x1536":false,"2048x2048":false,"woocommerce_thumbnail":false,"woocommerce_single":false,"woocommerce_gallery_thumbnail":false},"uagb_author_info":{"display_name":"goldfrostenerji@gmail.com","author_link":"https:\/\/goldfrostenerji.com\/en\/author\/goldfrostenerjigmail-com\/"},"uagb_comment_info":0,"uagb_excerpt":null,"_links":{"self":[{"href":"https:\/\/goldfrostenerji.com\/en\/wp-json\/wp\/v2\/pages\/2350","targetHints":{"allow":["GET"]}}],"collection":[{"href":"https:\/\/goldfrostenerji.com\/en\/wp-json\/wp\/v2\/pages"}],"about":[{"href":"https:\/\/goldfrostenerji.com\/en\/wp-json\/wp\/v2\/types\/page"}],"author":[{"embeddable":true,"href":"https:\/\/goldfrostenerji.com\/en\/wp-json\/wp\/v2\/users\/1"}],"replies":[{"embeddable":true,"href":"https:\/\/goldfrostenerji.com\/en\/wp-json\/wp\/v2\/comments?post=2350"}],"version-history":[{"count":5,"href":"https:\/\/goldfrostenerji.com\/en\/wp-json\/wp\/v2\/pages\/2350\/revisions"}],"predecessor-version":[{"id":2656,"href":"https:\/\/goldfrostenerji.com\/en\/wp-json\/wp\/v2\/pages\/2350\/revisions\/2656"}],"wp:attachment":[{"href":"https:\/\/goldfrostenerji.com\/en\/wp-json\/wp\/v2\/media?parent=2350"}],"curies":[{"name":"wp","href":"https:\/\/api.w.org\/{rel}","templated":true}]}}